{"id":349,"date":"2020-09-11T03:02:05","date_gmt":"2020-09-11T03:02:05","guid":{"rendered":"https:\/\/broekhofcolombia.com\/?page_id=349"},"modified":"2024-04-23T21:14:40","modified_gmt":"2024-04-23T21:14:40","slug":"sostenible","status":"publish","type":"page","link":"https:\/\/broekhofcolombia.com\/en\/sostenible\/","title":{"rendered":"SUSTAINABLE"},"content":{"rendered":"<div data-elementor-type=\"wp-page\" data-elementor-id=\"349\" class=\"elementor elementor-349\">\n\t\t\t\t\t\t\t\t\t<section class=\"elementor-section elementor-top-section elementor-element elementor-element-2e6110ee elementor-section-full_width elementor-section-height-default elementor-section-height-default\" data-id=\"2e6110ee\" data-element_type=\"section\" data-settings=\"{&quot;background_background&quot;:&quot;classic&quot;}\">\n\t\t\t\t\t\t<div class=\"elementor-container elementor-column-gap-default\">\n\t\t\t\t\t<div class=\"elementor-column elementor-col-100 elementor-top-column elementor-element elementor-element-6f6b89c8\" data-id=\"6f6b89c8\" data-element_type=\"column\">\n\t\t\t<div class=\"elementor-widget-wrap elementor-element-populated\">\n\t\t\t\t\t\t\t\t<section class=\"elementor-section elementor-inner-section elementor-element elementor-element-717292e4 elementor-section-boxed elementor-section-height-default elementor-section-height-default\" data-id=\"717292e4\" data-element_type=\"section\">\n\t\t\t\t\t\t<div class=\"elementor-container elementor-column-gap-default\">\n\t\t\t\t\t<div class=\"elementor-column elementor-col-100 elementor-inner-column elementor-element elementor-element-160b53dc\" data-id=\"160b53dc\" data-element_type=\"column\">\n\t\t\t<div class=\"elementor-widget-wrap elementor-element-populated\">\n\t\t\t\t\t\t\t\t<div class=\"elementor-element elementor-element-7d11deb1 elementor-widget elementor-widget-heading\" data-id=\"7d11deb1\" data-element_type=\"widget\" data-widget_type=\"heading.default\">\n\t\t\t\t<div class=\"elementor-widget-container\">\n\t\t\t<h2 class=\"elementor-heading-title elementor-size-default\">SUSTAINABLE<\/h2>\t\t<\/div>\n\t\t\t\t<\/div>\n\t\t\t\t\t<\/div>\n\t\t<\/div>\n\t\t\t\t\t\t\t<\/div>\n\t\t<\/section>\n\t\t\t\t\t<\/div>\n\t\t<\/div>\n\t\t\t\t\t\t\t<\/div>\n\t\t<\/section>\n\t\t\t\t<section class=\"elementor-section elementor-top-section elementor-element elementor-element-be2039d elementor-section-boxed elementor-section-height-default elementor-section-height-default\" data-id=\"be2039d\" data-element_type=\"section\">\n\t\t\t\t\t\t<div class=\"elementor-container elementor-column-gap-default\">\n\t\t\t\t\t<div class=\"elementor-column elementor-col-100 elementor-top-column elementor-element elementor-element-2a8c381\" data-id=\"2a8c381\" data-element_type=\"column\">\n\t\t\t<div class=\"elementor-widget-wrap elementor-element-populated\">\n\t\t\t\t\t\t\t\t<section class=\"elementor-section elementor-inner-section elementor-element elementor-element-20901b6 elementor-section-boxed elementor-section-height-default elementor-section-height-default\" data-id=\"20901b6\" data-element_type=\"section\">\n\t\t\t\t\t\t<div class=\"elementor-container elementor-column-gap-default\">\n\t\t\t\t\t<div class=\"elementor-column elementor-col-100 elementor-inner-column elementor-element elementor-element-b3ed957\" data-id=\"b3ed957\" data-element_type=\"column\">\n\t\t\t<div class=\"elementor-widget-wrap elementor-element-populated\">\n\t\t\t\t\t\t\t\t<div class=\"elementor-element elementor-element-7e36832 elementor-widget elementor-widget-heading\" data-id=\"7e36832\" data-element_type=\"widget\" data-widget_type=\"heading.default\">\n\t\t\t\t<div class=\"elementor-widget-container\">\n\t\t\t<h2 class=\"elementor-heading-title elementor-size-default\">CIRCULARBAG\u00ae<\/h2>\t\t<\/div>\n\t\t\t\t<\/div>\n\t\t\t\t<div class=\"elementor-element elementor-element-003e0fb elementor-widget elementor-widget-image\" data-id=\"003e0fb\" data-element_type=\"widget\" data-widget_type=\"image.default\">\n\t\t\t\t<div class=\"elementor-widget-container\">\n\t\t\t\t\t\t\t\t\t\t\t\t\t\t\t<img loading=\"lazy\" decoding=\"async\" width=\"1536\" height=\"458\" src=\"https:\/\/broekhofcolombia.com\/wp-content\/uploads\/2021\/10\/banner_Circularbag-1536x458.jpg\" class=\"attachment-1536x1536 size-1536x1536 wp-image-4449\" alt=\"\" srcset=\"https:\/\/broekhofcolombia.com\/wp-content\/uploads\/2021\/10\/banner_Circularbag-1536x458.jpg 1536w, https:\/\/broekhofcolombia.com\/wp-content\/uploads\/2021\/10\/banner_Circularbag-300x89.jpg 300w, https:\/\/broekhofcolombia.com\/wp-content\/uploads\/2021\/10\/banner_Circularbag-1024x305.jpg 1024w, https:\/\/broekhofcolombia.com\/wp-content\/uploads\/2021\/10\/banner_Circularbag-768x229.jpg 768w, https:\/\/broekhofcolombia.com\/wp-content\/uploads\/2021\/10\/banner_Circularbag-18x5.jpg 18w, https:\/\/broekhofcolombia.com\/wp-content\/uploads\/2021\/10\/banner_Circularbag-600x179.jpg 600w, https:\/\/broekhofcolombia.com\/wp-content\/uploads\/2021\/10\/banner_Circularbag.jpg 1542w\" sizes=\"(max-width: 1536px) 100vw, 1536px\" \/>\t\t\t\t\t\t\t\t\t\t\t\t\t\t\t<\/div>\n\t\t\t\t<\/div>\n\t\t\t\t<div class=\"elementor-element elementor-element-9239b9c elementor-widget elementor-widget-image\" data-id=\"9239b9c\" data-element_type=\"widget\" data-widget_type=\"image.default\">\n\t\t\t\t<div class=\"elementor-widget-container\">\n\t\t\t\t\t\t\t\t\t\t\t\t\t\t\t\t<a href=\"https:\/\/sustainabilityreport.paardekooper.com\/royal-dutch-paardekooper-group-sustainability-report-2022\/home\" target=\"_blank\">\n\t\t\t\t\t\t\t<img loading=\"lazy\" decoding=\"async\" width=\"800\" height=\"66\" src=\"https:\/\/broekhofcolombia.com\/wp-content\/uploads\/2024\/04\/sostenibilidad-1024x85.png\" class=\"attachment-large size-large wp-image-5038\" alt=\"\" srcset=\"https:\/\/broekhofcolombia.com\/wp-content\/uploads\/2024\/04\/sostenibilidad-1024x85.png 1024w, https:\/\/broekhofcolombia.com\/wp-content\/uploads\/2024\/04\/sostenibilidad-300x25.png 300w, https:\/\/broekhofcolombia.com\/wp-content\/uploads\/2024\/04\/sostenibilidad-768x64.png 768w, https:\/\/broekhofcolombia.com\/wp-content\/uploads\/2024\/04\/sostenibilidad-18x2.png 18w, https:\/\/broekhofcolombia.com\/wp-content\/uploads\/2024\/04\/sostenibilidad-600x50.png 600w, https:\/\/broekhofcolombia.com\/wp-content\/uploads\/2024\/04\/sostenibilidad.png 1200w\" sizes=\"(max-width: 800px) 100vw, 800px\" \/>\t\t\t\t\t\t\t\t<\/a>\n\t\t\t\t\t\t\t\t\t\t\t\t\t\t\t<\/div>\n\t\t\t\t<\/div>\n\t\t\t\t<div class=\"elementor-element elementor-element-75692fd elementor-widget elementor-widget-text-editor\" data-id=\"75692fd\" data-element_type=\"widget\" data-widget_type=\"text-editor.default\">\n\t\t\t\t<div class=\"elementor-widget-container\">\n\t\t\t\t\t\t\t<p><strong>\u00a0 \u00a0 \u00a0 \u00a0 \u00a0 \u00a0 \u00a0 \u00a0 \u00a0 \u00a0 \u00a0 \u00a0 \u00a0 \u00a0 \u00a0 \u00a0 \u00a0 \u00a0 \u00a0 \u00a0 \u00a0 \u00a0 \u00a0 \u00a0 \u00a0 \u00a0 \u00a0 \u00a0 \u00a0 \u00a0 \u00a0 \u00a0 \u00a0 \u00a0 \u00a0 \u00a0 \u00a0 \u00a0 \u00a0 \u00a0 \u00a0 \u00a0 \u00a0 \u00a0 \u00a0 \u00a0 \u00a0 \u00a0 \u00a0 \u00a0 \u00a0 \u00a0 \u00a0 \u00a0 \u00a0 \u00a0 \u00a0 \u00a0 \u00a0 \u00a0 \u00a0 \u00a0 \u00a0 \u00a0 \u00a0 \u00a0 \u00a0 \u00a0 \u00a0 \u00a0 \u00a0 \u00a0 \u00a0 \u00a0 \u00a0 \u00a0 \u00a0 \u00a0 \u00a0 \u00a0 \u00a0 \u00a0 \u00a0 \u00a0 \u00a0Todo gira alrededor de reciclar<\/strong><\/p><p>Hay m\u00e1s y m\u00e1s enfoque en la sostenibilidad <a href=\"http:\/\/broekhofcolombia.com\/wp-content\/uploads\/2021\/10\/CircularBag.jpg\"><img loading=\"lazy\" decoding=\"async\" class=\"size-full wp-image-4450 alignleft\" src=\"http:\/\/broekhofcolombia.com\/wp-content\/uploads\/2021\/10\/CircularBag.jpg\" alt=\"\" width=\"495\" height=\"375\" srcset=\"https:\/\/broekhofcolombia.com\/wp-content\/uploads\/2021\/10\/CircularBag.jpg 495w, https:\/\/broekhofcolombia.com\/wp-content\/uploads\/2021\/10\/CircularBag-300x227.jpg 300w, https:\/\/broekhofcolombia.com\/wp-content\/uploads\/2021\/10\/CircularBag-16x12.jpg 16w\" sizes=\"(max-width: 495px) 100vw, 495px\" \/><\/a>del empaque en el sector floricultor. Sin embargo, los capuchones pl\u00e1sticos para flores y la envoltura retr\u00e1ctil aun terminan en el incinerador de residuos. Esto es una lastima porqu\u00e9 este material tiene muchos usos reciclables. La CircularBag ofrece a los procesadores de flor una eficiente y accesible soluci\u00f3n total para recolectar sus pel\u00edculas para flores en una manera sostenible.<\/p><p><strong>Soluci\u00f3n total para el desperdicio de pl\u00e1stico<\/strong><\/p><p>Usted puede simplemente recolectar sus capuchones para flores y sus empaques retr\u00e1ctiles en la CircularBag en cualquier lugar. Su proveedor, vendedor al por mayor, o exportador toma las bolsas llenas to Aalsmeer( Entre Europa). Entonces, Kras Recycling cuidan del reciclaje y Broekhof transforma su pl\u00e1stico desperdiciado en un nuevo, sostenible capuch\u00f3n para flores (semi-transparente Recy@sleeves). La CircularBag es por s\u00ed misma hecha de un 90% pl\u00e1stico reciclado.<\/p>\t\t\t\t\t\t<\/div>\n\t\t\t\t<\/div>\n\t\t\t\t<div class=\"elementor-element elementor-element-7ce5337 elementor-widget elementor-widget-text-editor\" data-id=\"7ce5337\" data-element_type=\"widget\" data-widget_type=\"text-editor.default\">\n\t\t\t\t<div class=\"elementor-widget-container\">\n\t\t\t\t\t\t\t\t\t\t\t\t\t<\/div>\n\t\t\t\t<\/div>\n\t\t\t\t<div class=\"elementor-element elementor-element-7c38783 elementor-widget elementor-widget-text-editor\" data-id=\"7c38783\" data-element_type=\"widget\" data-widget_type=\"text-editor.default\">\n\t\t\t\t<div class=\"elementor-widget-container\">\n\t\t\t\t\t\t\t<p><strong><a href=\"http:\/\/broekhofcolombia.com\/wp-content\/uploads\/2021\/10\/banner_lexipage.jpg\"><img loading=\"lazy\" decoding=\"async\" class=\"size-full wp-image-4451 alignright\" src=\"http:\/\/broekhofcolombia.com\/wp-content\/uploads\/2021\/10\/banner_lexipage.jpg\" alt=\"\" width=\"495\" height=\"375\" srcset=\"https:\/\/broekhofcolombia.com\/wp-content\/uploads\/2021\/10\/banner_lexipage.jpg 495w, https:\/\/broekhofcolombia.com\/wp-content\/uploads\/2021\/10\/banner_lexipage-300x227.jpg 300w, https:\/\/broekhofcolombia.com\/wp-content\/uploads\/2021\/10\/banner_lexipage-16x12.jpg 16w\" sizes=\"(max-width: 495px) 100vw, 495px\" \/><\/a>Para floristas y vendedores al por mayor<\/strong><\/p><p>La CircularBag es la \u00faltima soluci\u00f3n para cualquier compa\u00f1\u00eda en el sector floricultor que desempaca o reempaca flores, o las procesa para ramos. Hay dos medidas: el de 200 litros- \u201cbolsa florista\u201d y el de 400 litros- \u201cbolsa vendedores al por mayor\u201d. Utiliza la pr\u00e1ctica est\u00e1ndar de conservar la bolsa abierta y llena r\u00e1pida y f\u00e1cilmente. El est\u00e1ndar puede ser equipado con ruedas, si es deseado.\u00a0\u00a0\u00a0 \u00a0\u00a0\u00a0\u00a0\u00a0\u00a0\u00a0\u00a0\u00a0<\/p><p><strong>De capuch\u00f3n para flor a capuch\u00f3n reciclable <\/strong><\/p><p>Usamos el residuo de pl\u00e1stico que usted retorna para hacer nuestro \u00fanico Recy\u00aesleeves. Este capuch\u00f3n semitransparente para flor es hecho de 100 % pl\u00e1stico reciclado, el cual es recolectado a trav\u00e9s de las subastas de flores Holandesas.\u00a0 Recy\u00aesleeves son usados primeramente para el empaquetado de mono-racimos y son ideales para la protecci\u00f3n funcional de flores durante el transporte.<\/p><p>\u00a0<\/p><p><strong>Empieza a reciclar<\/strong><\/p><p>Ordena las CircularBags, est\u00e1ndar y ruedas de Broekhof\u00a0 y empieza a recolectar tus pel\u00edculas para\u00a0 flores usadas. De esa manera, puede reducir su desperdicio de pl\u00e1stico, contribuir a la reutilizaci\u00f3n y hacer una contribuci\u00f3n visible y positiva para un mejor clima.<\/p><p><strong><a href=\"http:\/\/broekhofcolombia.com\/wp-content\/uploads\/2021\/10\/CircularBag_veiling.jpg\"><img loading=\"lazy\" decoding=\"async\" class=\"size-full wp-image-4452 alignleft\" src=\"http:\/\/broekhofcolombia.com\/wp-content\/uploads\/2021\/10\/CircularBag_veiling.jpg\" alt=\"\" width=\"573\" height=\"281\" srcset=\"https:\/\/broekhofcolombia.com\/wp-content\/uploads\/2021\/10\/CircularBag_veiling.jpg 573w, https:\/\/broekhofcolombia.com\/wp-content\/uploads\/2021\/10\/CircularBag_veiling-300x147.jpg 300w, https:\/\/broekhofcolombia.com\/wp-content\/uploads\/2021\/10\/CircularBag_veiling-18x9.jpg 18w\" sizes=\"(max-width: 573px) 100vw, 573px\" \/><\/a>La CircularBag hace de reciclar algo sencillo:<\/strong><\/p><p>-Recolectar facilmente la pel\u00edcula para flor en cualquier lugar de trabajo<\/p><p>-Dar bolsas completas para sus proveedores, vendedores al por mayor, o exportadores.<\/p><p>-Por lo tanto, usted evita impuestos de embalaje.<\/p><p>-Sus capuchones y pel\u00edculas tienen la garant\u00eda de ser reciclados.<\/p><p>-Contribuye a una econom\u00eda circular en el sector floricultor.<\/p><p>-Participar tiene un efecto positive en la imagen de su compa\u00f1\u00eda.<\/p>\t\t\t\t\t\t<\/div>\n\t\t\t\t<\/div>\n\t\t\t\t<div class=\"elementor-element elementor-element-f3cd70a elementor-widget elementor-widget-heading\" data-id=\"f3cd70a\" data-element_type=\"widget\" data-widget_type=\"heading.default\">\n\t\t\t\t<div class=\"elementor-widget-container\">\n\t\t\t<h2 class=\"elementor-heading-title elementor-size-default\">Certification:<\/h2>\t\t<\/div>\n\t\t\t\t<\/div>\n\t\t\t\t<div class=\"elementor-element elementor-element-f4f0031 elementor-widget elementor-widget-text-editor\" data-id=\"f4f0031\" data-element_type=\"widget\" data-widget_type=\"text-editor.default\">\n\t\t\t\t<div class=\"elementor-widget-container\">\n\t\t\t\t\t\t\t<p>As a raw material, PLA is certified under number EN13432. View the certificate <a href=\"https:\/\/www.broekhof.nl\/content\/files\/images\/Green%20Leaf%20info%20pagina\/Certficaat_PLA_bloemenhoes_Broekhof.pdf\" target=\"_blank\" rel=\"noopener\">Ver certificado<\/a><\/p>\t\t\t\t\t\t<\/div>\n\t\t\t\t<\/div>\n\t\t\t\t\t<\/div>\n\t\t<\/div>\n\t\t\t\t\t\t\t<\/div>\n\t\t<\/section>\n\t\t\t\t\t<\/div>\n\t\t<\/div>\n\t\t\t\t\t\t\t<\/div>\n\t\t<\/section>\n\t\t\t\t<section class=\"elementor-section elementor-top-section elementor-element elementor-element-9485740 elementor-section-boxed elementor-section-height-default elementor-section-height-default\" data-id=\"9485740\" data-element_type=\"section\">\n\t\t\t\t\t\t<div class=\"elementor-container elementor-column-gap-default\">\n\t\t\t\t\t<div class=\"elementor-column elementor-col-50 elementor-top-column elementor-element elementor-element-8b82bed\" data-id=\"8b82bed\" data-element_type=\"column\">\n\t\t\t<div class=\"elementor-widget-wrap elementor-element-populated\">\n\t\t\t\t\t\t\t\t<section class=\"elementor-section elementor-inner-section elementor-element elementor-element-58d4008 elementor-section-boxed elementor-section-height-default elementor-section-height-default\" data-id=\"58d4008\" data-element_type=\"section\">\n\t\t\t\t\t\t<div class=\"elementor-container elementor-column-gap-default\">\n\t\t\t\t\t<div class=\"elementor-column elementor-col-100 elementor-inner-column elementor-element elementor-element-322f69c\" data-id=\"322f69c\" data-element_type=\"column\">\n\t\t\t<div class=\"elementor-widget-wrap\">\n\t\t\t\t\t\t\t\t\t<\/div>\n\t\t<\/div>\n\t\t\t\t\t\t\t<\/div>\n\t\t<\/section>\n\t\t\t\t\t<\/div>\n\t\t<\/div>\n\t\t\t\t<div class=\"elementor-column elementor-col-50 elementor-top-column elementor-element elementor-element-ca32557\" data-id=\"ca32557\" data-element_type=\"column\">\n\t\t\t<div class=\"elementor-widget-wrap elementor-element-populated\">\n\t\t\t\t\t\t\t\t<section class=\"elementor-section elementor-inner-section elementor-element elementor-element-4d5ec20 elementor-section-boxed elementor-section-height-default elementor-section-height-default\" data-id=\"4d5ec20\" data-element_type=\"section\">\n\t\t\t\t\t\t<div class=\"elementor-container elementor-column-gap-default\">\n\t\t\t\t\t<div class=\"elementor-column elementor-col-100 elementor-inner-column elementor-element elementor-element-2843295\" data-id=\"2843295\" data-element_type=\"column\">\n\t\t\t<div class=\"elementor-widget-wrap\">\n\t\t\t\t\t\t\t\t\t<\/div>\n\t\t<\/div>\n\t\t\t\t\t\t\t<\/div>\n\t\t<\/section>\n\t\t\t\t\t<\/div>\n\t\t<\/div>\n\t\t\t\t\t\t\t<\/div>\n\t\t<\/section>\n\t\t\t\t\t\t\t<\/div>","protected":false},"excerpt":{"rendered":"<p>sostenible CIRCULARBAG\u00ae \u00a0 \u00a0 \u00a0 \u00a0 \u00a0 \u00a0 \u00a0 \u00a0 \u00a0 \u00a0 \u00a0 \u00a0 \u00a0 \u00a0 \u00a0 \u00a0 \u00a0 \u00a0 \u00a0 \u00a0 \u00a0 \u00a0 \u00a0 \u00a0 \u00a0 \u00a0 \u00a0 \u00a0 \u00a0 \u00a0 \u00a0 \u00a0 \u00a0 \u00a0 \u00a0 \u00a0 \u00a0 \u00a0 \u00a0 \u00a0 \u00a0 \u00a0 \u00a0 \u00a0 \u00a0 \u00a0 \u00a0 \u00a0 \u00a0 \u00a0 \u00a0 \u00a0 \u00a0 [&hellip;]<\/p>","protected":false},"author":1,"featured_media":0,"parent":0,"menu_order":0,"comment_status":"closed","ping_status":"closed","template":"","meta":{"footnotes":""},"_links":{"self":[{"href":"https:\/\/broekhofcolombia.com\/en\/wp-json\/wp\/v2\/pages\/349"}],"collection":[{"href":"https:\/\/broekhofcolombia.com\/en\/wp-json\/wp\/v2\/pages"}],"about":[{"href":"https:\/\/broekhofcolombia.com\/en\/wp-json\/wp\/v2\/types\/page"}],"author":[{"embeddable":true,"href":"https:\/\/broekhofcolombia.com\/en\/wp-json\/wp\/v2\/users\/1"}],"replies":[{"embeddable":true,"href":"https:\/\/broekhofcolombia.com\/en\/wp-json\/wp\/v2\/comments?post=349"}],"version-history":[{"count":25,"href":"https:\/\/broekhofcolombia.com\/en\/wp-json\/wp\/v2\/pages\/349\/revisions"}],"predecessor-version":[{"id":5041,"href":"https:\/\/broekhofcolombia.com\/en\/wp-json\/wp\/v2\/pages\/349\/revisions\/5041"}],"wp:attachment":[{"href":"https:\/\/broekhofcolombia.com\/en\/wp-json\/wp\/v2\/media?parent=349"}],"curies":[{"name":"wp","href":"https:\/\/api.w.org\/{rel}","templated":true}]}}