{"id":312,"date":"2020-09-10T00:09:50","date_gmt":"2020-09-10T00:09:50","guid":{"rendered":"https:\/\/broekhofcolombia.com\/?page_id=312"},"modified":"2024-04-18T20:51:55","modified_gmt":"2024-04-18T20:51:55","slug":"nosotros","status":"publish","type":"page","link":"https:\/\/broekhofcolombia.com\/en\/nosotros\/","title":{"rendered":"About Us"},"content":{"rendered":"<div data-elementor-type=\"wp-page\" data-elementor-id=\"312\" class=\"elementor elementor-312\">\n\t\t\t\t\t\t\t\t\t<section class=\"elementor-section elementor-top-section elementor-element elementor-element-3bafe2f1 elementor-section-full_width elementor-section-height-default elementor-section-height-default\" data-id=\"3bafe2f1\" data-element_type=\"section\" data-settings=\"{&quot;background_background&quot;:&quot;classic&quot;}\">\n\t\t\t\t\t\t<div class=\"elementor-container elementor-column-gap-default\">\n\t\t\t\t\t<div class=\"elementor-column elementor-col-100 elementor-top-column elementor-element elementor-element-2323ad61\" data-id=\"2323ad61\" data-element_type=\"column\">\n\t\t\t<div class=\"elementor-widget-wrap elementor-element-populated\">\n\t\t\t\t\t\t\t\t<section class=\"elementor-section elementor-inner-section elementor-element elementor-element-2e79a127 elementor-section-boxed elementor-section-height-default elementor-section-height-default\" data-id=\"2e79a127\" data-element_type=\"section\">\n\t\t\t\t\t\t<div class=\"elementor-container elementor-column-gap-default\">\n\t\t\t\t\t<div class=\"elementor-column elementor-col-100 elementor-inner-column elementor-element elementor-element-28b1f01b\" data-id=\"28b1f01b\" data-element_type=\"column\">\n\t\t\t<div class=\"elementor-widget-wrap elementor-element-populated\">\n\t\t\t\t\t\t\t\t<div class=\"elementor-element elementor-element-62bf4ad1 elementor-widget elementor-widget-heading\" data-id=\"62bf4ad1\" data-element_type=\"widget\" data-widget_type=\"heading.default\">\n\t\t\t\t<div class=\"elementor-widget-container\">\n\t\t\t<h2 class=\"elementor-heading-title elementor-size-default\">about us<\/h2>\t\t<\/div>\n\t\t\t\t<\/div>\n\t\t\t\t\t<\/div>\n\t\t<\/div>\n\t\t\t\t\t\t\t<\/div>\n\t\t<\/section>\n\t\t\t\t\t<\/div>\n\t\t<\/div>\n\t\t\t\t\t\t\t<\/div>\n\t\t<\/section>\n\t\t\t\t<section class=\"elementor-section elementor-top-section elementor-element elementor-element-4a4711e elementor-section-boxed elementor-section-height-default elementor-section-height-default\" data-id=\"4a4711e\" data-element_type=\"section\">\n\t\t\t\t\t\t<div class=\"elementor-container elementor-column-gap-default\">\n\t\t\t\t\t<div class=\"elementor-column elementor-col-100 elementor-top-column elementor-element elementor-element-9ed9a49\" data-id=\"9ed9a49\" data-element_type=\"column\">\n\t\t\t<div class=\"elementor-widget-wrap elementor-element-populated\">\n\t\t\t\t\t\t\t\t<section class=\"elementor-section elementor-inner-section elementor-element elementor-element-e60689a elementor-section-boxed elementor-section-height-default elementor-section-height-default\" data-id=\"e60689a\" data-element_type=\"section\">\n\t\t\t\t\t\t<div class=\"elementor-container elementor-column-gap-default\">\n\t\t\t\t\t<div class=\"elementor-column elementor-col-100 elementor-inner-column elementor-element elementor-element-9f8ad56\" data-id=\"9f8ad56\" data-element_type=\"column\">\n\t\t\t<div class=\"elementor-widget-wrap elementor-element-populated\">\n\t\t\t\t\t\t\t\t<div class=\"elementor-element elementor-element-843aa63 elementor-widget elementor-widget-heading\" data-id=\"843aa63\" data-element_type=\"widget\" data-widget_type=\"heading.default\">\n\t\t\t\t<div class=\"elementor-widget-container\">\n\t\t\t<h2 class=\"elementor-heading-title elementor-size-default\">History<\/h2>\t\t<\/div>\n\t\t\t\t<\/div>\n\t\t\t\t<div class=\"elementor-element elementor-element-cf81f29 elementor-widget elementor-widget-text-editor\" data-id=\"cf81f29\" data-element_type=\"widget\" data-widget_type=\"text-editor.default\">\n\t\t\t\t<div class=\"elementor-widget-container\">\n\t\t\t\t\t\t\t<p>Broekhof Colombia was founded on the 1st of September of 2016, an organization owned by Broekhof Netherlands. In 1974 Broekhof Verpakkingen BV was incorporated by Piet Broekhof. A lover of plants and flowers and a downright entrepreneur. The company started small but grew strongly throughout the years.<\/p><p>In the last couple of years, the company has successfully focused on expansion abroad, the innovation of products and the intensification and broadening of the assortment. Up to this very day the business is growing. Since the end of 2018 Broekhof is part of the Royal Paardekooper Group.<\/p>\t\t\t\t\t\t<\/div>\n\t\t\t\t<\/div>\n\t\t\t\t\t<\/div>\n\t\t<\/div>\n\t\t\t\t\t\t\t<\/div>\n\t\t<\/section>\n\t\t\t\t\t<\/div>\n\t\t<\/div>\n\t\t\t\t\t\t\t<\/div>\n\t\t<\/section>\n\t\t\t\t<section class=\"elementor-section elementor-top-section elementor-element elementor-element-be2039d elementor-section-boxed elementor-section-height-default elementor-section-height-default\" data-id=\"be2039d\" data-element_type=\"section\">\n\t\t\t\t\t\t<div class=\"elementor-container elementor-column-gap-default\">\n\t\t\t\t\t<div class=\"elementor-column elementor-col-100 elementor-top-column elementor-element elementor-element-2a8c381\" data-id=\"2a8c381\" data-element_type=\"column\">\n\t\t\t<div class=\"elementor-widget-wrap elementor-element-populated\">\n\t\t\t\t\t\t\t\t<section class=\"elementor-section elementor-inner-section elementor-element elementor-element-20901b6 elementor-section-boxed elementor-section-height-default elementor-section-height-default\" data-id=\"20901b6\" data-element_type=\"section\">\n\t\t\t\t\t\t<div class=\"elementor-container elementor-column-gap-default\">\n\t\t\t\t\t<div class=\"elementor-column elementor-col-100 elementor-inner-column elementor-element elementor-element-b3ed957\" data-id=\"b3ed957\" data-element_type=\"column\">\n\t\t\t<div class=\"elementor-widget-wrap elementor-element-populated\">\n\t\t\t\t\t\t\t\t<div class=\"elementor-element elementor-element-2794621 elementor-widget elementor-widget-heading\" data-id=\"2794621\" data-element_type=\"widget\" data-widget_type=\"heading.default\">\n\t\t\t\t<div class=\"elementor-widget-container\">\n\t\t\t<h2 class=\"elementor-heading-title elementor-size-default\">INNOVATIONS, TRENDS AND CUSTOMER SPECIFIC PACKAGING SOLUTIONS<\/h2>\t\t<\/div>\n\t\t\t\t<\/div>\n\t\t\t\t<div class=\"elementor-element elementor-element-7110dfe elementor-widget elementor-widget-heading\" data-id=\"7110dfe\" data-element_type=\"widget\" data-widget_type=\"heading.default\">\n\t\t\t\t<div class=\"elementor-widget-container\">\n\t\t\t<h2 class=\"elementor-heading-title elementor-size-default\">Innovations and trends<\/h2>\t\t<\/div>\n\t\t\t\t<\/div>\n\t\t\t\t<div class=\"elementor-element elementor-element-7ce5337 elementor-widget elementor-widget-text-editor\" data-id=\"7ce5337\" data-element_type=\"widget\" data-widget_type=\"text-editor.default\">\n\t\t\t\t<div class=\"elementor-widget-container\">\n\t\t\t\t\t\t\t<p>\u00a0<\/p><p>Innovations and trends have become an integral element of packaging materials for flowers and plants. Broekhof therefore has a team of full-time designers in service. They follow the latest trends, designs and colours. They design new prints and completely new packaging formats and decorative materials. Hundreds of new items are added to Broekhof\u2019s range every year.<\/p>\t\t\t\t\t\t<\/div>\n\t\t\t\t<\/div>\n\t\t\t\t<div class=\"elementor-element elementor-element-ebbef0c elementor-widget elementor-widget-heading\" data-id=\"ebbef0c\" data-element_type=\"widget\" data-widget_type=\"heading.default\">\n\t\t\t\t<div class=\"elementor-widget-container\">\n\t\t\t<h2 class=\"elementor-heading-title elementor-size-default\">Customer specific packaging<\/h2>\t\t<\/div>\n\t\t\t\t<\/div>\n\t\t\t\t<div class=\"elementor-element elementor-element-7c38783 elementor-widget elementor-widget-text-editor\" data-id=\"7c38783\" data-element_type=\"widget\" data-widget_type=\"text-editor.default\">\n\t\t\t\t<div class=\"elementor-widget-container\">\n\t\t\t\t\t\t\t<p>The development of client-specific packaging and designs is becoming increasingly important. The lack of a distinctive offering means consumers tend to compare prices. Have your unique design produced so that your company can distinguish itself.<\/p><p>Our design process centres on co-creation: we would be delighted to work in collaboration with you to produce a design. Using our collective expertise, we can produce the best result that meets your objective and the needs of your target group.<\/p><p>As soon as the design meets the brief we will produce a sample for you. Only after checking and following your approval will we go in production.<\/p>\t\t\t\t\t\t<\/div>\n\t\t\t\t<\/div>\n\t\t\t\t<div class=\"elementor-element elementor-element-f3cd70a elementor-widget elementor-widget-heading\" data-id=\"f3cd70a\" data-element_type=\"widget\" data-widget_type=\"heading.default\">\n\t\t\t\t<div class=\"elementor-widget-container\">\n\t\t\t<h2 class=\"elementor-heading-title elementor-size-default\">Advise<\/h2>\t\t<\/div>\n\t\t\t\t<\/div>\n\t\t\t\t<div class=\"elementor-element elementor-element-f4f0031 elementor-widget elementor-widget-text-editor\" data-id=\"f4f0031\" data-element_type=\"widget\" data-widget_type=\"text-editor.default\">\n\t\t\t\t<div class=\"elementor-widget-container\">\n\t\t\t\t\t\t\t<p>Which items from our collection will enable you to add value to your product? Or do you have specific requirements for bespoke packaging? We\u2019re happy to help you  find the best packaging solution! <strong><a href=\"https:\/\/broekhofcolombia.com\/en\/contacto\/\">Contact us<\/a> <\/strong>to find out what we can do for you with no obligation.<\/p>\t\t\t\t\t\t<\/div>\n\t\t\t\t<\/div>\n\t\t\t\t\t<\/div>\n\t\t<\/div>\n\t\t\t\t\t\t\t<\/div>\n\t\t<\/section>\n\t\t\t\t\t<\/div>\n\t\t<\/div>\n\t\t\t\t\t\t\t<\/div>\n\t\t<\/section>\n\t\t\t\t\t\t\t<\/div>","protected":false},"excerpt":{"rendered":"<p>nosotros Historia El primero de septiembre de 2016 nace Broekhof Colombia, una organizaci\u00f3n propiedad de Broekhof Holanda. En 1974 Broekhof fue fundado por Piet Broekhof, un amante de las plantas y flores y un emprendedor. La compa\u00f1\u00eda comenz\u00f3 peque\u00f1a pero creci\u00f3 fuertemente a trav\u00e9s de los a\u00f1os. En los \u00faltimos a\u00f1os la compa\u00f1\u00eda exitosamente se [&hellip;]<\/p>","protected":false},"author":1,"featured_media":0,"parent":0,"menu_order":0,"comment_status":"closed","ping_status":"closed","template":"","meta":{"footnotes":""},"_links":{"self":[{"href":"https:\/\/broekhofcolombia.com\/en\/wp-json\/wp\/v2\/pages\/312"}],"collection":[{"href":"https:\/\/broekhofcolombia.com\/en\/wp-json\/wp\/v2\/pages"}],"about":[{"href":"https:\/\/broekhofcolombia.com\/en\/wp-json\/wp\/v2\/types\/page"}],"author":[{"embeddable":true,"href":"https:\/\/broekhofcolombia.com\/en\/wp-json\/wp\/v2\/users\/1"}],"replies":[{"embeddable":true,"href":"https:\/\/broekhofcolombia.com\/en\/wp-json\/wp\/v2\/comments?post=312"}],"version-history":[{"count":50,"href":"https:\/\/broekhofcolombia.com\/en\/wp-json\/wp\/v2\/pages\/312\/revisions"}],"predecessor-version":[{"id":5027,"href":"https:\/\/broekhofcolombia.com\/en\/wp-json\/wp\/v2\/pages\/312\/revisions\/5027"}],"wp:attachment":[{"href":"https:\/\/broekhofcolombia.com\/en\/wp-json\/wp\/v2\/media?parent=312"}],"curies":[{"name":"wp","href":"https:\/\/api.w.org\/{rel}","templated":true}]}}